{"id":677,"date":"2020-04-06T08:05:53","date_gmt":"2020-04-06T08:05:53","guid":{"rendered":"https:\/\/konsept.qodeinteractive.com\/?page_id=677"},"modified":"2025-04-07T13:35:48","modified_gmt":"2025-04-07T11:35:48","slug":"contactez-nous","status":"publish","type":"page","link":"https:\/\/louiseausablon.com\/index.php\/contactez-nous\/","title":{"rendered":"Contactez-nous"},"content":{"rendered":"\t\t<div data-elementor-type=\"wp-page\" data-elementor-id=\"677\" class=\"elementor elementor-677\">\n\t\t\t\t\t\t\t\t\t<section class=\"elementor-section elementor-top-section elementor-element elementor-element-c86456e qodef-elementor-content-grid elementor-section-boxed elementor-section-height-default elementor-section-height-default\" data-id=\"c86456e\" data-element_type=\"section\">\n\t\t\t\t\t\t<div class=\"elementor-container elementor-column-gap-default\">\n\t\t\t\t\t<div class=\"elementor-column elementor-col-50 elementor-top-column elementor-element elementor-element-12ec1c04\" data-id=\"12ec1c04\" data-element_type=\"column\">\n\t\t\t<div class=\"elementor-widget-wrap elementor-element-populated\">\n\t\t\t\t\t\t\t\t<div class=\"elementor-element elementor-element-5221705d elementor-widget elementor-widget-konsept_core_section_title\" data-id=\"5221705d\" data-element_type=\"widget\" data-widget_type=\"konsept_core_section_title.default\">\n\t\t\t\t<div class=\"elementor-widget-container\">\n\t\t\t<div class=\"qodef-shortcode qodef-m  qodef-section-title qodef-alignment--left \">\n\t\t\t<h2 class=\"qodef-m-title\" >\n\t\t\t\t\tFaites votre liste en magasin \t\t\t<\/h2>\n\t<\/div>\t\t<\/div>\n\t\t\t\t<\/div>\n\t\t\t\t<div class=\"elementor-element elementor-element-7c1b2848 elementor-widget elementor-widget-konsept_core_custom_font\" data-id=\"7c1b2848\" data-element_type=\"widget\" data-widget_type=\"konsept_core_custom_font.default\">\n\t\t\t\t<div class=\"elementor-widget-container\">\n\t\t\t<p class=\"qodef-shortcode qodef-m  qodef-custom-font  qodef-custom-font-1 qodef-layout--simple\" style=\"font-size: 17px;line-height: 27px\">Liste de mariage, de cr\u00e9maill\u00e8re, d'emm\u00e9nagement, d'anniversaire, ... Prenez rendez-vous !<\/p>\t\t<\/div>\n\t\t\t\t<\/div>\n\t\t\t\t<section class=\"elementor-section elementor-inner-section elementor-element elementor-element-8de0c91 elementor-section-boxed elementor-section-height-default elementor-section-height-default qodef-elementor-content-no\" data-id=\"8de0c91\" data-element_type=\"section\">\n\t\t\t\t\t\t<div class=\"elementor-container elementor-column-gap-default\">\n\t\t\t\t\t<div class=\"elementor-column elementor-col-50 elementor-inner-column elementor-element elementor-element-d927302\" data-id=\"d927302\" data-element_type=\"column\">\n\t\t\t<div class=\"elementor-widget-wrap elementor-element-populated\">\n\t\t\t\t\t\t\t\t<div class=\"elementor-element elementor-element-284ec478 elementor-widget elementor-widget-konsept_core_section_title\" data-id=\"284ec478\" data-element_type=\"widget\" data-widget_type=\"konsept_core_section_title.default\">\n\t\t\t\t<div class=\"elementor-widget-container\">\n\t\t\t<div class=\"qodef-shortcode qodef-m  qodef-section-title qodef-alignment--left \">\n\t\t\t<h4 class=\"qodef-m-title\" >\n\t\t\t\t\tBoutique\t\t\t<\/h4>\n\t<\/div>\t\t<\/div>\n\t\t\t\t<\/div>\n\t\t\t\t<div class=\"elementor-element elementor-element-71fb2dd7 elementor-widget elementor-widget-text-editor\" data-id=\"71fb2dd7\" data-element_type=\"widget\" data-widget_type=\"text-editor.default\">\n\t\t\t\t<div class=\"elementor-widget-container\">\n\t\t\t<style>\/*! elementor - v3.6.6 - 08-06-2022 *\/\n.elementor-widget-text-editor.elementor-drop-cap-view-stacked .elementor-drop-cap{background-color:#818a91;color:#fff}.elementor-widget-text-editor.elementor-drop-cap-view-framed .elementor-drop-cap{color:#818a91;border:3px solid;background-color:transparent}.elementor-widget-text-editor:not(.elementor-drop-cap-view-default) .elementor-drop-cap{margin-top:8px}.elementor-widget-text-editor:not(.elementor-drop-cap-view-default) .elementor-drop-cap-letter{width:1em;height:1em}.elementor-widget-text-editor .elementor-drop-cap{float:left;text-align:center;line-height:1;font-size:50px}.elementor-widget-text-editor .elementor-drop-cap-letter{display:inline-block}<\/style>\t\t\t\t<p><a href=\"https:\/\/goo.gl\/maps\/vuPuByfJ2Q1czFGS9\" target=\"_blank\" rel=\"noopener\">Rue du Sablon 41,<\/a><br \/><a href=\"https:\/\/goo.gl\/maps\/vuPuByfJ2Q1czFGS9\" target=\"_blank\" rel=\"noopener\">6600 Bastogne<\/a><br \/>Belgique<br \/><a href=\"tel:+3261395190\">+32 (0) 61 39 51 90 <\/a><\/p><p>\u00a0<\/p><p>LAS SRL <br \/>TVA: BE 1019 109 516<\/p>\t\t\t\t\t\t<\/div>\n\t\t\t\t<\/div>\n\t\t\t\t\t<\/div>\n\t\t<\/div>\n\t\t\t\t<div class=\"elementor-column elementor-col-50 elementor-inner-column elementor-element elementor-element-61b0fe8\" data-id=\"61b0fe8\" data-element_type=\"column\">\n\t\t\t<div class=\"elementor-widget-wrap elementor-element-populated\">\n\t\t\t\t\t\t\t\t<div class=\"elementor-element elementor-element-6d776b2 elementor-widget elementor-widget-konsept_core_section_title\" data-id=\"6d776b2\" data-element_type=\"widget\" data-widget_type=\"konsept_core_section_title.default\">\n\t\t\t\t<div class=\"elementor-widget-container\">\n\t\t\t<div class=\"qodef-shortcode qodef-m  qodef-section-title qodef-alignment--left \">\n\t\t\t<h4 class=\"qodef-m-title\" >\n\t\t\t\t\tHeures d'ouverture\t\t\t<\/h4>\n\t<\/div>\t\t<\/div>\n\t\t\t\t<\/div>\n\t\t\t\t<div class=\"elementor-element elementor-element-ce52e6a elementor-widget elementor-widget-text-editor\" data-id=\"ce52e6a\" data-element_type=\"widget\" data-widget_type=\"text-editor.default\">\n\t\t\t\t<div class=\"elementor-widget-container\">\n\t\t\t\t\t\t\t<p>Du mardi au samedi de 10h \u00e0 18h30<br \/>Dimanche de 14h \u00e0 18h30<br \/>Ferm\u00e9 les lundis<\/p>\t\t\t\t\t\t<\/div>\n\t\t\t\t<\/div>\n\t\t\t\t\t<\/div>\n\t\t<\/div>\n\t\t\t\t\t\t\t<\/div>\n\t\t<\/section>\n\t\t\t\t<div class=\"elementor-element elementor-element-19657420 elementor-widget__width-auto elementor-widget elementor-widget-konsept_core_icon\" data-id=\"19657420\" data-element_type=\"widget\" data-widget_type=\"konsept_core_icon.default\">\n\t\t\t\t<div class=\"elementor-widget-container\">\n\t\t\t<span class=\"qodef-shortcode qodef-m  qodef-icon-holder qodef-size--default qodef-layout--circle\" data-hover-color=\"#1D1D1D\" data-hover-background-color=\"rgba(2, 1, 1, 0)\" data-hover-border-color=\"#959494\" style=\"margin: 0 10px 0 0px;width: 35px;height: 35px;line-height: 35px;background-color: rgba(2, 1, 1, 0);border-style: solid;border-color: #B2B2B2;border-width: 1px;line-height: 33px\">\n\t\t\t<a itemprop=\"url\" href=\"https:\/\/www.facebook.com\/louiseausablon\/\" target=\"_blank\">\n                    <svg class=\"qodef-svg-circle\"><circle cx=\"50%\" cy=\"50%\" r=\"49%\"><\/circle><\/svg>\n                    <span class=\"qodef-icon-font-awesome fab fa-facebook qodef-icon qodef-e\" style=\"color: #B2B2B2\" ><\/span>            <\/a>\n\t<\/span>\t\t<\/div>\n\t\t\t\t<\/div>\n\t\t\t\t<div class=\"elementor-element elementor-element-2384ccae elementor-widget__width-auto elementor-widget elementor-widget-konsept_core_icon\" data-id=\"2384ccae\" data-element_type=\"widget\" data-widget_type=\"konsept_core_icon.default\">\n\t\t\t\t<div class=\"elementor-widget-container\">\n\t\t\t<span class=\"qodef-shortcode qodef-m  qodef-icon-holder qodef-size--default qodef-layout--circle\" data-hover-color=\"#1D1D1D\" data-hover-border-color=\"#959494\" style=\"width: 35px;height: 35px;line-height: 35px;background-color: rgba(2, 1, 1, 0);border-style: solid;border-color: #B2B2B2;border-width: 1px;line-height: 33px\">\n\t\t\t<a itemprop=\"url\" href=\"https:\/\/www.instagram.com\/louiseausablon\/\" target=\"_blank\">\n                    <svg class=\"qodef-svg-circle\"><circle cx=\"50%\" cy=\"50%\" r=\"49%\"><\/circle><\/svg>\n                    <span class=\"qodef-icon-font-awesome fab fa-instagram qodef-icon qodef-e\" style=\"color: #B2B2B2\" ><\/span>            <\/a>\n\t<\/span>\t\t<\/div>\n\t\t\t\t<\/div>\n\t\t\t\t\t<\/div>\n\t\t<\/div>\n\t\t\t\t<div class=\"elementor-column elementor-col-50 elementor-top-column elementor-element elementor-element-37601920\" data-id=\"37601920\" data-element_type=\"column\">\n\t\t\t<div class=\"elementor-widget-wrap elementor-element-populated\">\n\t\t\t\t\t\t\t\t<div class=\"elementor-element elementor-element-cd776d2 elementor-widget elementor-widget-wp-widget-konsept_core_contact_form_7\" data-id=\"cd776d2\" data-element_type=\"widget\" data-widget_type=\"wp-widget-konsept_core_contact_form_7.default\">\n\t\t\t\t<div class=\"elementor-widget-container\">\n\t\t\t\t\t\t<div class=\"qodef-contact-form-7\">\n\t\t\t\t<div role=\"form\" class=\"wpcf7\" id=\"wpcf7-f190-o1\" lang=\"en-US\" dir=\"ltr\">\n<div class=\"screen-reader-response\"><p role=\"status\" aria-live=\"polite\" aria-atomic=\"true\"><\/p> <ul><\/ul><\/div>\n<form action=\"\/index.php\/wp-json\/wp\/v2\/pages\/677#wpcf7-f190-o1\" method=\"post\" class=\"wpcf7-form init\" novalidate=\"novalidate\" data-status=\"init\">\n<div style=\"display: none;\">\n<input type=\"hidden\" name=\"_wpcf7\" value=\"190\" \/>\n<input type=\"hidden\" name=\"_wpcf7_version\" value=\"5.5.6.1\" \/>\n<input type=\"hidden\" name=\"_wpcf7_locale\" value=\"en_US\" \/>\n<input type=\"hidden\" name=\"_wpcf7_unit_tag\" value=\"wpcf7-f190-o1\" \/>\n<input type=\"hidden\" name=\"_wpcf7_container_post\" value=\"0\" \/>\n<input type=\"hidden\" name=\"_wpcf7_posted_data_hash\" value=\"\" \/>\n<input type=\"hidden\" name=\"_wpcf7_recaptcha_response\" value=\"\" \/>\n<\/div>\n<div class=\"qodef-grid qodef-layout--columns qodef-col-num--2 qodef-gutter--small\"><div class=\"qodef-grid-inner\">\n<div class=\"qodef-grid-item\"><span class=\"wpcf7-form-control-wrap your-name\"><input type=\"text\" name=\"your-name\" value=\"\" size=\"40\" class=\"wpcf7-form-control wpcf7-text wpcf7-validates-as-required\" aria-required=\"true\" aria-invalid=\"false\" placeholder=\"Nom &amp; Pr\u00e9nom\" \/><\/span><\/div>\n<div class=\"qodef-grid-item\"><span class=\"wpcf7-form-control-wrap your-email\"><input type=\"email\" name=\"your-email\" value=\"\" size=\"40\" class=\"wpcf7-form-control wpcf7-text wpcf7-email wpcf7-validates-as-required wpcf7-validates-as-email\" aria-required=\"true\" aria-invalid=\"false\" placeholder=\"E-mail\" \/><\/span><\/div>\n<\/div><\/div><div class=\"qodef-grid qodef-layout--columns qodef-col-num--1 qodef-gutter--small\"><div class=\"qodef-grid-inner\">\n<div class=\"qodef-grid-item\"><span class=\"wpcf7-form-control-wrap your-message\"><textarea name=\"your-message\" cols=\"40\" rows=\"9\" class=\"wpcf7-form-control wpcf7-textarea\" aria-invalid=\"false\" placeholder=\"Votre message\"><\/textarea><\/span><\/div>\n<div class=\"qodef-grid-item\" style=\"text-align:right;\"><button type=\"submit\" class=\"wpcf7-form-control wpcf7-submit qodef-button qodef-size--normal qodef-type--outlined qodef-m\"><span class=\"qodef-m-text\">Envoyer<\/span><\/button><\/div><\/div><\/div><div class=\"wpcf7-response-output\" aria-hidden=\"true\"><\/div><\/form><\/div>\t\t\t<\/div>\n\t\t\t\t\t<\/div>\n\t\t\t\t<\/div>\n\t\t\t\t\t<\/div>\n\t\t<\/div>\n\t\t\t\t\t\t\t<\/div>\n\t\t<\/section>\n\t\t\t\t<section class=\"elementor-section elementor-top-section elementor-element elementor-element-b187440 elementor-section-full_width elementor-section-stretched elementor-section-height-default elementor-section-height-default qodef-elementor-content-no\" data-id=\"b187440\" data-element_type=\"section\" data-settings=\"{&quot;stretch_section&quot;:&quot;section-stretched&quot;}\">\n\t\t\t\t\t\t<div class=\"elementor-container elementor-column-gap-default\">\n\t\t\t\t\t<div class=\"elementor-column elementor-col-100 elementor-top-column elementor-element elementor-element-c1a8323\" data-id=\"c1a8323\" data-element_type=\"column\">\n\t\t\t<div class=\"elementor-widget-wrap elementor-element-populated\">\n\t\t\t\t\t\t\t\t<div class=\"elementor-element elementor-element-973f7bf elementor-widget elementor-widget-google_maps\" data-id=\"973f7bf\" data-element_type=\"widget\" data-widget_type=\"google_maps.default\">\n\t\t\t\t<div class=\"elementor-widget-container\">\n\t\t\t<style>\/*! elementor - v3.6.6 - 08-06-2022 *\/\n.elementor-widget-google_maps .elementor-widget-container{overflow:hidden}.elementor-widget-google_maps iframe{height:300px}<\/style>\t\t<div class=\"elementor-custom-embed\">\n\t\t\t<iframe frameborder=\"0\" scrolling=\"no\" marginheight=\"0\" marginwidth=\"0\"\n\t\t\t\t\tsrc=\"https:\/\/maps.google.com\/maps?q=Rue%20du%20Sablon%2041%2C%206600%20Bastogne&#038;t=m&#038;z=16&#038;output=embed&#038;iwloc=near\"\n\t\t\t\t\ttitle=\"Rue du Sablon 41, 6600 Bastogne\"\n\t\t\t\t\taria-label=\"Rue du Sablon 41, 6600 Bastogne\"\n\t\t\t><\/iframe>\n\t\t<\/div>\n\t\t\t\t<\/div>\n\t\t\t\t<\/div>\n\t\t\t\t\t<\/div>\n\t\t<\/div>\n\t\t\t\t\t\t\t<\/div>\n\t\t<\/section>\n\t\t\t\t<section class=\"elementor-section elementor-top-section elementor-element elementor-element-aa14456 qodef-elementor-content-grid elementor-section-full_width elementor-section-stretched elementor-section-height-default elementor-section-height-default\" data-id=\"aa14456\" data-element_type=\"section\" data-settings=\"{&quot;stretch_section&quot;:&quot;section-stretched&quot;,&quot;background_background&quot;:&quot;classic&quot;}\">\n\t\t\t\t\t\t<div class=\"elementor-container elementor-column-gap-default\">\n\t\t\t\t\t<div class=\"elementor-column elementor-col-25 elementor-top-column elementor-element elementor-element-f11ab52\" data-id=\"f11ab52\" data-element_type=\"column\">\n\t\t\t<div class=\"elementor-widget-wrap elementor-element-populated\">\n\t\t\t\t\t\t\t\t<div class=\"elementor-element elementor-element-9bed5b8 elementor-widget elementor-widget-image\" data-id=\"9bed5b8\" data-element_type=\"widget\" data-widget_type=\"image.default\">\n\t\t\t\t<div class=\"elementor-widget-container\">\n\t\t\t<style>\/*! elementor - v3.6.6 - 08-06-2022 *\/\n.elementor-widget-image{text-align:center}.elementor-widget-image a{display:inline-block}.elementor-widget-image a img[src$=\".svg\"]{width:48px}.elementor-widget-image img{vertical-align:middle;display:inline-block}<\/style>\t\t\t\t\t\t\t\t\t\t\t\t<img loading=\"lazy\" decoding=\"async\" width=\"765\" height=\"1000\" src=\"https:\/\/louiseausablon.com\/wp-content\/uploads\/2022\/08\/Gommaire-outdoor-teak-furniture-bar_table_alexi-G255S-BAR-NAT.jpg\" class=\"attachment-large size-large\" alt=\"\" srcset=\"https:\/\/louiseausablon.com\/wp-content\/uploads\/2022\/08\/Gommaire-outdoor-teak-furniture-bar_table_alexi-G255S-BAR-NAT.jpg 765w, https:\/\/louiseausablon.com\/wp-content\/uploads\/2022\/08\/Gommaire-outdoor-teak-furniture-bar_table_alexi-G255S-BAR-NAT-230x300.jpg 230w\" sizes=\"auto, (max-width: 765px) 100vw, 765px\" \/>\t\t\t\t\t\t\t\t\t\t\t\t\t\t\t<\/div>\n\t\t\t\t<\/div>\n\t\t\t\t\t<\/div>\n\t\t<\/div>\n\t\t\t\t<div class=\"elementor-column elementor-col-25 elementor-top-column elementor-element elementor-element-4a80c34\" data-id=\"4a80c34\" data-element_type=\"column\">\n\t\t\t<div class=\"elementor-widget-wrap elementor-element-populated\">\n\t\t\t\t\t\t\t\t<div class=\"elementor-element elementor-element-fa16dc0 elementor-widget elementor-widget-image\" data-id=\"fa16dc0\" data-element_type=\"widget\" data-widget_type=\"image.default\">\n\t\t\t\t<div class=\"elementor-widget-container\">\n\t\t\t\t\t\t\t\t\t\t\t\t\t\t\t<img loading=\"lazy\" decoding=\"async\" width=\"767\" height=\"1024\" src=\"https:\/\/louiseausablon.com\/wp-content\/uploads\/2022\/08\/Kemen-hemp-London-towel-hemp-Jada-laundry-basket-Nero-accessories-black-767x1024.jpg\" class=\"attachment-large size-large\" alt=\"\" srcset=\"https:\/\/louiseausablon.com\/wp-content\/uploads\/2022\/08\/Kemen-hemp-London-towel-hemp-Jada-laundry-basket-Nero-accessories-black-767x1024.jpg 767w, https:\/\/louiseausablon.com\/wp-content\/uploads\/2022\/08\/Kemen-hemp-London-towel-hemp-Jada-laundry-basket-Nero-accessories-black-225x300.jpg 225w, https:\/\/louiseausablon.com\/wp-content\/uploads\/2022\/08\/Kemen-hemp-London-towel-hemp-Jada-laundry-basket-Nero-accessories-black-768x1025.jpg 768w, https:\/\/louiseausablon.com\/wp-content\/uploads\/2022\/08\/Kemen-hemp-London-towel-hemp-Jada-laundry-basket-Nero-accessories-black-1150x1536.jpg 1150w, https:\/\/louiseausablon.com\/wp-content\/uploads\/2022\/08\/Kemen-hemp-London-towel-hemp-Jada-laundry-basket-Nero-accessories-black.jpg 1498w\" sizes=\"auto, (max-width: 767px) 100vw, 767px\" \/>\t\t\t\t\t\t\t\t\t\t\t\t\t\t\t<\/div>\n\t\t\t\t<\/div>\n\t\t\t\t\t<\/div>\n\t\t<\/div>\n\t\t\t\t<div class=\"elementor-column elementor-col-25 elementor-top-column elementor-element elementor-element-411b819\" data-id=\"411b819\" data-element_type=\"column\">\n\t\t\t<div class=\"elementor-widget-wrap elementor-element-populated\">\n\t\t\t\t\t\t\t\t<div class=\"elementor-element elementor-element-3a70374 elementor-widget elementor-widget-image\" data-id=\"3a70374\" data-element_type=\"widget\" data-widget_type=\"image.default\">\n\t\t\t\t<div class=\"elementor-widget-container\">\n\t\t\t\t\t\t\t\t\t\t\t\t\t\t\t<img loading=\"lazy\" decoding=\"async\" width=\"767\" height=\"1024\" src=\"https:\/\/louiseausablon.com\/wp-content\/uploads\/2022\/08\/Nero-pedestal-tray-soap-dish-mirror-black-rena-storage-basket-black-767x1024.jpg\" class=\"attachment-large size-large\" alt=\"\" srcset=\"https:\/\/louiseausablon.com\/wp-content\/uploads\/2022\/08\/Nero-pedestal-tray-soap-dish-mirror-black-rena-storage-basket-black-767x1024.jpg 767w, https:\/\/louiseausablon.com\/wp-content\/uploads\/2022\/08\/Nero-pedestal-tray-soap-dish-mirror-black-rena-storage-basket-black-225x300.jpg 225w, https:\/\/louiseausablon.com\/wp-content\/uploads\/2022\/08\/Nero-pedestal-tray-soap-dish-mirror-black-rena-storage-basket-black-768x1025.jpg 768w, https:\/\/louiseausablon.com\/wp-content\/uploads\/2022\/08\/Nero-pedestal-tray-soap-dish-mirror-black-rena-storage-basket-black-1150x1536.jpg 1150w, https:\/\/louiseausablon.com\/wp-content\/uploads\/2022\/08\/Nero-pedestal-tray-soap-dish-mirror-black-rena-storage-basket-black.jpg 1498w\" sizes=\"auto, (max-width: 767px) 100vw, 767px\" \/>\t\t\t\t\t\t\t\t\t\t\t\t\t\t\t<\/div>\n\t\t\t\t<\/div>\n\t\t\t\t\t<\/div>\n\t\t<\/div>\n\t\t\t\t<div class=\"elementor-column elementor-col-25 elementor-top-column elementor-element elementor-element-34aef47\" data-id=\"34aef47\" data-element_type=\"column\">\n\t\t\t<div class=\"elementor-widget-wrap elementor-element-populated\">\n\t\t\t\t\t\t\t\t<div class=\"elementor-element elementor-element-de85877 elementor-widget elementor-widget-image\" data-id=\"de85877\" data-element_type=\"widget\" data-widget_type=\"image.default\">\n\t\t\t\t<div class=\"elementor-widget-container\">\n\t\t\t\t\t\t\t\t\t\t\t\t\t\t\t<img loading=\"lazy\" decoding=\"async\" width=\"767\" height=\"1024\" src=\"https:\/\/louiseausablon.com\/wp-content\/uploads\/2022\/08\/Rena-laundry-basket-taiga-Maks-bath-mat-Alma-bath-mat-767x1024.jpg\" class=\"attachment-large size-large\" alt=\"\" srcset=\"https:\/\/louiseausablon.com\/wp-content\/uploads\/2022\/08\/Rena-laundry-basket-taiga-Maks-bath-mat-Alma-bath-mat-767x1024.jpg 767w, https:\/\/louiseausablon.com\/wp-content\/uploads\/2022\/08\/Rena-laundry-basket-taiga-Maks-bath-mat-Alma-bath-mat-225x300.jpg 225w, https:\/\/louiseausablon.com\/wp-content\/uploads\/2022\/08\/Rena-laundry-basket-taiga-Maks-bath-mat-Alma-bath-mat-768x1025.jpg 768w, https:\/\/louiseausablon.com\/wp-content\/uploads\/2022\/08\/Rena-laundry-basket-taiga-Maks-bath-mat-Alma-bath-mat-1150x1536.jpg 1150w, https:\/\/louiseausablon.com\/wp-content\/uploads\/2022\/08\/Rena-laundry-basket-taiga-Maks-bath-mat-Alma-bath-mat.jpg 1498w\" sizes=\"auto, (max-width: 767px) 100vw, 767px\" \/>\t\t\t\t\t\t\t\t\t\t\t\t\t\t\t<\/div>\n\t\t\t\t<\/div>\n\t\t\t\t\t<\/div>\n\t\t<\/div>\n\t\t\t\t\t\t\t<\/div>\n\t\t<\/section>\n\t\t\t\t\t\t\t<\/div>\n\t\t","protected":false},"excerpt":{"rendered":"<p>Faites votre liste en magasin Liste de mariage, de cr\u00e9maill\u00e8re, d&#8217;emm\u00e9nagement, d&rsquo;anniversaire, &#8230; Prenez rendez-vous ! Boutique Rue du Sablon 41,6600 BastogneBelgique+32 (0) 61 39 51 90 \u00a0 LAS SRL TVA: BE 1019 109 516 Heures d&rsquo;ouverture Du mardi au samedi de 10h \u00e0 18h30Dimanche de 14h \u00e0 18h30Ferm\u00e9 les lundis<\/p>\n","protected":false},"author":2,"featured_media":0,"parent":0,"menu_order":0,"comment_status":"closed","ping_status":"closed","template":"","meta":{"footnotes":""},"class_list":["post-677","page","type-page","status-publish","hentry"],"_links":{"self":[{"href":"https:\/\/louiseausablon.com\/index.php\/wp-json\/wp\/v2\/pages\/677","targetHints":{"allow":["GET"]}}],"collection":[{"href":"https:\/\/louiseausablon.com\/index.php\/wp-json\/wp\/v2\/pages"}],"about":[{"href":"https:\/\/louiseausablon.com\/index.php\/wp-json\/wp\/v2\/types\/page"}],"author":[{"embeddable":true,"href":"https:\/\/louiseausablon.com\/index.php\/wp-json\/wp\/v2\/users\/2"}],"replies":[{"embeddable":true,"href":"https:\/\/louiseausablon.com\/index.php\/wp-json\/wp\/v2\/comments?post=677"}],"version-history":[{"count":69,"href":"https:\/\/louiseausablon.com\/index.php\/wp-json\/wp\/v2\/pages\/677\/revisions"}],"predecessor-version":[{"id":8223,"href":"https:\/\/louiseausablon.com\/index.php\/wp-json\/wp\/v2\/pages\/677\/revisions\/8223"}],"wp:attachment":[{"href":"https:\/\/louiseausablon.com\/index.php\/wp-json\/wp\/v2\/media?parent=677"}],"curies":[{"name":"wp","href":"https:\/\/api.w.org\/{rel}","templated":true}]}}